{"id":7387,"date":"2019-11-05T09:51:19","date_gmt":"2019-11-05T09:51:19","guid":{"rendered":"https:\/\/aroomiturundus.ee\/konfidencialitates-politika\/"},"modified":"2024-05-28T19:43:24","modified_gmt":"2024-05-28T19:43:24","slug":"konfidencialitates-politika","status":"publish","type":"page","link":"https:\/\/aroomiturundus.ee\/lv\/konfidencialitates-politika\/","title":{"rendered":"Konfidencialit\u0101tes politika"},"content":{"rendered":"<p>[et_pb_section fb_built=&#8221;1&#8243; _builder_version=&#8221;4.0.5&#8243;][et_pb_row _builder_version=&#8221;4.0.5&#8243;][et_pb_column type=&#8221;4_4&#8243; _builder_version=&#8221;4.0.5&#8243;][et_pb_text _builder_version=&#8221;4.0.5&#8243; custom_padding=&#8221;17px|||||&#8221; hover_enabled=&#8221;0&#8243;]<\/p>\n<h2 class=\"legal\">Konfidencialit\u0101tes politika<\/h2>\n<p>&nbsp;<\/p>\n<h2 class=\"legal\">1. Visp\u0101r\u012bgi noteikumi<\/h2>\n<p><span style=\"font-size: 14px;\">T\u012bmek\u013ca vietni p\u0101rvalda Aroomiturundus O\u00dc (&#8220;Nodro\u0161in\u0101t\u0101js&#8221;). Pakalpojumu sniedz\u0113js iev\u0113ro piem\u0113rojamos ties\u012bbu aktus un neizpau\u017e Lietot\u0101ju un citu personu datus bez attiec\u012bg\u0101s personas at\u013caujas vai cita likum\u012bga pamata. Pakalpojumu sniedz\u0113js apstr\u0101d\u0101s tikai tos personas datus, kas ir nepiecie\u0161ami pilnv\u0113rt\u012bgai pakalpojuma snieg\u0161anai, un m\u0113s apkoposim inform\u0101ciju, lai nodro\u0161in\u0101tu lab\u0101ku pakalpojumu.<\/span><\/p>\n<p>Priv\u0101tuma politika attiecas uz Pakalpojumu sniedz\u0113ja sniegto Pakalpojumu lietot\u0101ju (&#8220;Lietot\u0101js&#8221;) personas datu apstr\u0101di. Priv\u0101tuma politik\u0101 ir aprakst\u012bti galvenie principi un nol\u016bki, k\u0101dos Pakalpojumu sniedz\u0113js apstr\u0101d\u0101 personas datus. Lietot\u0101ji var b\u016bt Pakalpojumu sniedz\u0113ja lietot\u0101ji fiziskas personas vai lietot\u0101ju uz\u0146\u0113mumu p\u0101rst\u0101vji.<\/p>\n<p>Pakalpojumu sniedz\u0113js Pakalpojums var satur\u0113t saites uz tre\u0161o personu t\u012bmek\u013ca vietn\u0113m vai pakalpojumiem. \u0160\u012bm vietn\u0113m un pakalpojumiem var b\u016bt at\u0161\u0137ir\u012bga konfidencialit\u0101tes politika no Pakalpojumu sniedz\u0113ja. Pakalpojumu sniedz\u0113js nav atbild\u012bgs par tre\u0161o personu priv\u0101tuma politiku vai datu apstr\u0101des praksi, un iesaka jums iepaz\u012bties ar katras tre\u0161\u0101s personas priv\u0101tuma politiku atsevi\u0161\u0137i.<\/p>\n<p>&nbsp;<\/p>\n<h2 class=\"legal\">2. Apstr\u0101d\u0101tie personas dati un to avoti<\/h2>\n<p>Personas dati ir jebkuri dati, kas attiecas uz identific\u0113tu vai identific\u0113jamu fizisku personu, neatkar\u012bgi no datu glab\u0101\u0161anas veida vai form\u0101ta.<\/p>\n<p>Pakalpojumu sniedz\u0113js apstr\u0101d\u0101tos personas datus no Lietot\u0101ja ieg\u016bst likum\u012bg\u0101 veid\u0101 saist\u012bb\u0101 ar Pakalpojumu izmanto\u0161anu.<\/p>\n<p>Pakalpojumu sniedz\u0113js var izmantot Lietot\u0101ja un Lietot\u0101ja sniegtos personas datus, jo \u012bpa\u0161i Pakalpojuma snieg\u0161anas nol\u016bk\u0101 un konkr\u0113tajos gad\u012bjumos, kas izkl\u0101st\u012bti \u0161aj\u0101 Priv\u0101tuma politik\u0101.<\/p>\n<p>Jo \u012bpa\u0161i Pakalpojumu sniedz\u0113js apstr\u0101d\u0101 inform\u0101ciju par Lietot\u0101ju, ko Lietot\u0101js atkl\u0101j, izmantojot Pakalpojumu, un inform\u0101ciju, ko Pakalpojumu sniedz\u0113js ieg\u016bst, izmantojot Pakalpojumu, tostarp, bet ne tikai:<span style=\"font-size: 14px;\"> <\/span><\/p>\n<ul>\n<li>elektroniskie identifikatori (piem\u0113ram, IP adreses, s\u012bkfaili);<\/li>\n<li>Lietot\u0101ja un Nodro\u0161in\u0101t\u0101ja sarakste;<\/li>\n<li>Dati, lai nodro\u0161in\u0101tu soci\u0101lo mediju funkcijas un datpl\u016bsmas anal\u012bzi;<\/li>\n<li>Statistiskie demogr\u0101fiskie dati (piem\u0113ram, vecums, dzimums, intereses).<\/li>\n<\/ul>\n<p>&nbsp;<\/p>\n<h2 class=\"legal\">3. Datu p\u0101rzinis un apstr\u0101d\u0101t\u0101js<\/h2>\n<p>Pakalpojumu sniedz\u0113js ir Lietot\u0101ja datu p\u0101rzinis. Pakalpojumu sniedz\u0113js var pie\u0161\u0137irt ties\u012bbas izmantot datus apstr\u0101d\u0101t\u0101jiem. Pilnvarotie apstr\u0101d\u0101t\u0101ji ir:<\/p>\n<ul>\n<li>Google Inc.<\/li>\n<li>Facebook<\/li>\n<\/ul>\n<p>Datu apstr\u0101d\u0101t\u0101ju veikt\u0101 datu apstr\u0101de ietver:<\/p>\n<ul>\n<li>pakalpojuma snieg\u0161anas nol\u016bk\u0101;<\/li>\n<li>m\u0101rketinga nol\u016bkos, ja vien Lietot\u0101js nav nol\u0113mis cit\u0101di vai v\u0113l\u0101k nav atsaucis \u0161\u0101du piekri\u0161anu, pazi\u0146ojot mums par to viegli reproduc\u0113jam\u0101 rakstisk\u0101 form\u0101;<\/li>\n<li>lai izpild\u012btu savus juridiskos pien\u0101kumus (piem\u0113ram, nos\u016bt\u012btu datus valsts iest\u0101d\u0113m).<\/li>\n<\/ul>\n<p>Apstr\u0101d\u0101t\u0101js var apstr\u0101d\u0101t datus tikai konkr\u0113tu uzdevumu veik\u0161anai, ko uztic\u0113jis Pakalpojumu sniedz\u0113js.<\/p>\n<h2 class=\"legal\">4. Apstr\u0101des m\u0113r\u0137is<\/h2>\n<p>Datu apstr\u0101des pamat\u0101 jo \u012bpa\u0161i ir Lietot\u0101ja dot\u0101 piekri\u0161ana Pakalpojumu sniedz\u0113jam apstr\u0101d\u0101t Lietot\u0101ja izpaustos datus. Iesniedzot personas datus, izmantojot Pakalpojumu, Lietot\u0101js pilnvaro Pakalpojumu sniedz\u0113ju apstr\u0101d\u0101t visus iesniegtos datus t\u0101d\u0101 apjom\u0101 un t\u0101diem m\u0113r\u0137iem, k\u0101 aprakst\u012bts \u0161aj\u0101 Priv\u0101tuma politik\u0101.<\/p>\n<p>Galvenais datu v\u0101k\u0161anas un apstr\u0101des m\u0113r\u0137is ir uztur\u0113t, nodro\u0161in\u0101t un, ja nepiecie\u0161ams, uzlabot T\u012bmek\u013ca vietni.<span style=\"font-size: 14px;\"> <\/span><span style=\"font-size: 14px;\"> <\/span> P <span style=\"font-size: 14px;\">akalpojumu sniedz\u0113js<\/span><b style=\"font-size: 14px;\">lietot\u0101ja ievad\u012btos datus<\/b> <span style=\"font-size: 14px;\">neuzglab\u0101<\/span>,<span style=\"font-size: 14px;\">bet<\/span><span style=\"font-size: 14px;\">apstr\u0101d\u0101 tos tikai tikt\u0101l, cikt\u0101l tas nepiecie\u0161ams pakalpojuma snieg\u0161anai<\/span>.<\/p>\n<h2 class=\"legal\">5. Profil\u0113\u0161ana<\/h2>\n<p>Pakalpojumu sniedz\u0113js var izmantot statistikas datus par T\u012bmek\u013ca vietnes Lietot\u0101jiem, lai analiz\u0113tu ar tiem saist\u012bt\u0101s tendences un demogr\u0101fiju, ta\u010du Pakalpojumu sniedz\u0113js nesast\u0101da individu\u0101lus Lietot\u0101ju profilus.<\/p>\n<h2 class=\"legal\">6. Datu nodo\u0161ana tre\u0161\u0101m person\u0101m<\/h2>\n<p>Pakalpojumu sniedz\u0113js bez Lietot\u0101ja piekri\u0161anas nep\u0101rdod, neiz\u012br\u0113, neizmaina vai cit\u0101di nenodod personas datus, datpl\u016bsmas datus vai sazi\u0146as saturu nevienai personai \u0101rpus Pakalpojumu sniedz\u0113ja, iz\u0146emot.<\/p>\n<ul>\n<li>ja to pieprasa piem\u0113rojamie ties\u012bbu akti; vai<\/li>\n<li>ar kompetento iest\u0101\u017eu r\u012bkojumu; vai<\/li>\n<li>ja rodas nepiecie\u0161am\u012bba aizsarg\u0101t Pakalpojumu sniedz\u0113ja likum\u012bg\u0101s intereses saska\u0146\u0101 ar piem\u0113rojamiem ties\u012bbu aktiem; un<\/li>\n<li>\u0161aj\u0101 konfidencialit\u0101tes politik\u0101 noteiktajos gad\u012bjumos.<\/li>\n<\/ul>\n<p>&nbsp;<\/p>\n<h2 class=\"legal\">7. Datu dro\u0161\u012bba<\/h2>\n<p>Pakalpojumu sniedz\u0113js ir \u012bstenojis nepiecie\u0161amos tehniskos un organizatoriskos pas\u0101kumus, lai aizsarg\u0101tu personas datus pret neat\u013cautu piek\u013cuvi, nejau\u0161u vai nelikum\u012bgu izn\u012bcin\u0101\u0161anu, p\u0101rveido\u0161anu, izpau\u0161anu, nos\u016bt\u012b\u0161anu vai citu nelikum\u012bgu apstr\u0101di.<\/p>\n<p>Pakalpojumu sniedz\u0113js nav atbild\u012bgs par tre\u0161o personu piek\u013cuvi Lietot\u0101ja pa\u0161a kontrol\u0113taj\u0101m ier\u012bc\u0113m, internetam un t\u0101 dro\u0161\u012bbu.<\/p>\n<h2 class=\"legal\">8. Personas datu glab\u0101\u0161ana<\/h2>\n<p>Pakalpojumu sniedz\u0113js neuzglab\u0101 Lietot\u0101ja ievad\u012btos personas datus. Korespondenci, kas attiecas uz fizisk\u0101m person\u0101m, parasti glab\u0101 ne ilg\u0101k k\u0101 tr\u012bs gadus.<\/p>\n<h2 class=\"legal\">9. S\u012bkfaili<\/h2>\n<p>Lai T\u012bmek\u013ca vietne darbotos pareizi, Pakalpojumu sniedz\u0113js da\u017ek\u0101rt Lietot\u0101ja ier\u012bc\u0113 saglab\u0101 nelielus datu failus &#8211; t\u0101 saukt\u0101s s\u012bkdatnes. Liel\u0101k\u0101 da\u013ca lielo t\u012bmek\u013ca viet\u0146u dara to pa\u0161u.<\/p>\n<p>S\u012bkdat\u0146u izmanto\u0161anas juridiskais pamats ir Pakalpojumu sniedz\u0113ja likum\u012bg\u0101s intereses nodro\u0161in\u0101t t\u012bmek\u013ca vietnes tehnisko funkcionalit\u0101ti. Ja s\u012bkdatnes tiek izmantotas, lai atcer\u0113tos Lietot\u0101ja izv\u0113li vai statistikas nol\u016bkos, juridiskais pamats ir Lietot\u0101ja piekri\u0161ana.<\/p>\n<p><b>Kas ir cepumi?<\/b><\/p>\n<p>S\u012bkfails ir neliels teksta fails, ko t\u012bmek\u013ca vietne saglab\u0101 lietot\u0101ja dator\u0101 vai mobilaj\u0101 ier\u012bc\u0113, kad lietot\u0101js apmekl\u0113 pakalpojumu sniedz\u0113ja t\u012bmek\u013ca vietni. Tas \u013cauj t\u012bmek\u013ca vietnei noteiktu laiku atcer\u0113ties lietot\u0101ja darb\u012bbas un preferences. \u0160\u0101d\u0101 veid\u0101 lietot\u0101jam tie nav j\u0101ievada atk\u0101rtoti katru reizi, kad vi\u0146\u0161 atgrie\u017eas t\u012bmek\u013ca vietn\u0113 vai p\u0101rl\u016bko lapas.<\/p>\n<p><b>K\u0101 m\u0113s izmantojam s\u012bkfailus?<\/b><\/p>\n<p>Pakalpojumu sniedz\u0113js var izmantot s\u012bkfailus un l\u012bdz\u012bgus r\u012bkus, lai sniegtu pakalpojumu un uzlabotu pakalpojuma kvalit\u0101ti un lietot\u0101ja pieredzi. S\u012bkdatnes var izmantot ar\u012b tre\u0161\u0101s puses, kuru pakalpojumus izmanto Pakalpojumu sniedz\u0113js.<\/p>\n<p>Vair\u0101k\u0101s pakalpojumu sniedz\u0113ja lap\u0101s tiek izmantoti s\u012bkfaili:<\/p>\n<ul>\n<li>lai nodro\u0161in\u0101tu soci\u0101lo mediju funkcijas; un<\/li>\n<li>analiz\u0113t t\u012bmek\u013ca datpl\u016bsmu.<\/li>\n<\/ul>\n<p>Provaiders var ar\u012b sniegt saviem soci\u0101lo mediju, rekl\u0101mas un anal\u012btiskajiem partneriem inform\u0101ciju par to, k\u0101 Lietot\u0101js izmanto Vietni. \u0160\u0101du s\u012bkfailu izmanto\u0161ana nav tie\u0161i nepiecie\u0161ama vietnes darb\u012bbai, ta\u010du t\u0101 nodro\u0161ina Lietot\u0101jam lab\u0101ku p\u0101rl\u016bko\u0161anas pieredzi. Lietot\u0101js var dz\u0113st vai blo\u0137\u0113t s\u012bkfailus, ta\u010du t\u0101d\u0101 gad\u012bjum\u0101 visas vietnes funkcijas var nedarboties, k\u0101 paredz\u0113ts. S\u012bkfaili pal\u012bdz Pakalpojumu sniedz\u0113jam sniegt Pakalpojumus. Izmantojot P\u0101rdev\u0113ja Pakalpojumus, Lietot\u0101js piekr\u012bt, ka P\u0101rdev\u0113js izmanto s\u012bkfailus.<\/p>\n<p><b>K\u0101 p\u0101rbaud\u012bt s\u012bkfailus?<\/b><\/p>\n<p>Lietot\u0101js var kontrol\u0113t un\/vai dz\u0113st s\u012bkfailus p\u0113c saviem ieskatiem (sk.<span> <\/span><a href=\"http:\/\/www.youronlinechoices.com\" target=\"_blank\" rel=\"noopener noreferrer\">www.youronlinechoices.com)<\/a>. Lietot\u0101js jebkur\u0101 laik\u0101 var dz\u0113st visas s\u012bkdatnes, kas jau ir Lietot\u0101ja dator\u0101, un noraid\u012bt s\u012bkdatnes, mainot p\u0101rl\u016bkprogrammas iestat\u012bjumus (ja p\u0101rl\u016bkprogramma to at\u013cauj) vai p\u0101rtraucot izmantot P\u0101rdev\u0113ja t\u012bmek\u013ca vietni. Lietot\u0101jam j\u0101apzin\u0101s, ka da\u017eas funkcijas var nodro\u0161in\u0101t tikai ar s\u012bkfailiem, un, ja Lietot\u0101js izv\u0113las atteikties no s\u012bkfailiem, \u0161\u012bs funkcijas Lietot\u0101jam var neb\u016bt pieejamas.<\/p>\n<h2 class=\"legal\">10. Google Analytics<\/h2>\n<p>Nodro\u0161in\u0101t\u0101js var izmantot Google Analytics, t\u012bmek\u013ca anal\u012bzes pakalpojumu, ko nodro\u0161ina Google, Inc. (1600 Amphitheatre Parkway, Mountain View, CA 94043, ASV; &#8220;Google&#8221;). Google Analytics izmanto s\u012bkfailus &#8211; failus, kas tiek saglab\u0101ti Lietot\u0101ja dator\u0101, lai analiz\u0113tu, k\u0101 Lietot\u0101js izmanto Pakalpojumu.<\/p>\n<p>S\u012bkfailu \u0123ener\u0113to inform\u0101ciju par to, k\u0101 Lietot\u0101js izmanto Pakalpojumu, Google parasti p\u0101rs\u016bta un glab\u0101 serveros Amerikas Savienotaj\u0101s Valst\u012bs. T\u0101 k\u0101 Pakalpojumu sniedz\u0113js ir aktiviz\u0113jis IP anonimiz\u0101ciju, Google sa\u012bsin\u0101s Lietot\u0101ja IP adresi (Eiropas Savien\u012bb\u0101 vai cit\u0101s Eiropas Ekonomikas zonas dal\u012bbvalst\u012bs).<\/p>\n<p>P\u0113c pakalpojumu sniedz\u0113ja piepras\u012bjuma Google izmantos \u0161o inform\u0101ciju, lai analiz\u0113tu Lietot\u0101ja aktivit\u0101ti un sagatavotu p\u0101rskatus par aktivit\u0101ti Pakalpojuma t\u012bmek\u013ca vietn\u0113.<\/p>\n<p>Lietot\u0101js var atsl\u0113gt s\u012bkdat\u0146u saglab\u0101\u0161anu sav\u0101 dator\u0101, iestatot p\u0101rl\u016bkprogrammas iestat\u012bjumus, ta\u010du \u0161\u0101d\u0101 gad\u012bjum\u0101 Lietot\u0101js nevar\u0113s pilnv\u0113rt\u012bgi izmantot visas t\u012bmek\u013ca vietnes funkcijas.<\/p>\n<p>Lietot\u0101ji jebkur\u0101 laik\u0101 var atteikties no Google Analytics datu v\u0101k\u0161anas. Lai to izdar\u012btu, Lietot\u0101jam ir j\u0101lejupiel\u0101d\u0113 un j\u0101instal\u0113 atbilsto\u0161s p\u0101rl\u016bkprogrammas papildin\u0101jums no \u0161\u0101das vietnes:<span> <\/span><a href=\"https:\/\/tools.google.com\/dlpage\/gaoptout?hl=en\" target=\"_blank\" rel=\"noopener noreferrer\">tools.google.com\/dlpage\/gaoptout?hl=en.<\/a><\/p>\n<p>Google Analytics saglab\u0101 s\u012bkfailus, lietot\u0101ja identifikatorus (piem\u0113ram, lietot\u0101ja ID) un rekl\u0101mu identifikatorus (piem\u0113ram, DoubleClick s\u012bkfailus, Android rekl\u0101mas identifikatoru, Apple rekl\u0101mas identifikatoru) 26 m\u0113ne\u0161us.<\/p>\n<p>&nbsp;<\/p>\n<p><span style=\"color: #333333; font-size: 26px;\">11. Facebook<\/span><\/p>\n<p>Pakalpojuma sniedz\u0113ja s\u0101kumlap\u0101 var b\u016bt integr\u0113ti Facebook papildin\u0101jumi (1601 S. California Avenue, Palo Alto, CA 94304, ASV) &#8220;Like&#8221; un &#8220;Share&#8221;. P\u0101rskatu par Facebook papildin\u0101jumiem skatiet Facebook s\u0101kumlap\u0101.<span> <\/span><a href=\"https:\/\/developers.facebook.com\/docs\/plugins\/\" target=\"_blank\" rel=\"noopener noreferrer\">developers.facebook.com\/docs\/plugins\/.<\/a><\/p>\n<p>Kad Lietot\u0101js apmekl\u0113 T\u012bmek\u013ca vietni, starp Lietot\u0101ja p\u0101rl\u016bkprogrammu un Facebook serveri tiek izveidots tie\u0161s savienojums, izmantojot \u0161os spraud\u0146us, ar kuru pal\u012bdz\u012bbu Facebook sa\u0146em inform\u0101ciju par to, ka Lietot\u0101js ir apmekl\u0113jis P\u0101rdev\u0113ja t\u012bmek\u013ca vietni no savas IP adreses. Ja Lietot\u0101js ir pieteicies Facebook un noklik\u0161\u0137ina uz pogas &#8220;Pat\u012bk&#8221; vai &#8220;Kop\u012bgot&#8221;, Lietot\u0101js var saist\u012bt Pakalpojumu sniedz\u0113ja t\u012bmek\u013ca vietnes saturu ar savu Facebook profilu, ar kura pal\u012bdz\u012bbu Facebook var atspogu\u013cot Pakalpojuma izmanto\u0161anu uz Lietot\u0101ja sienas. Pakalpojumu sniedz\u0113js nesa\u0146em nek\u0101du inform\u0101ciju par p\u0101rs\u016bt\u012btajiem datiem vai to izmanto\u0161anu Facebook. Vair\u0101k inform\u0101cijas var atrast, izlasot Facebook konfidencialit\u0101tes politiku:<span> <\/span><a href=\"https:\/\/www.facebook.com\/about\/privacy\/\" target=\"_blank\" rel=\"noopener noreferrer\">www.facebook.com\/about\/privacy\/<\/a>.<\/p>\n<p>Ja Lietot\u0101js nev\u0113las, lai Lietot\u0101ja Facebook kont\u0101 tiktu atspogu\u013cots P\u0101rdev\u0113ja lapas apmekl\u0113jums, Lietot\u0101jam ir j\u0101iziet no Facebook.<\/p>\n<h2 class=\"legal\">12. Logid<\/h2>\n<p>Serveris, uz kura atrodas P\u0101rdev\u0113ja t\u012bmek\u013ca vietne, var re\u0123istr\u0113t Lietot\u0101ja veiktos piepras\u012bjumus serverim (t\u012bmek\u013ca adresi, ko Lietot\u0101js atver, Lietot\u0101ja izmantoto p\u0101rl\u016bkprogrammu un ier\u012bci, IP adresi, piek\u013cuves laiku). \u0160ie dati tiek izmantoti tikai tehniskiem m\u0113r\u0137iem &#8211; lai nodro\u0161in\u0101tu t\u012bmek\u013ca vietnes pareizu darb\u012bbu un dro\u0161\u012bbu un izmekl\u0113tu iesp\u0113jamus dro\u0161\u012bbas incidentus.<\/p>\n<h2 class=\"legal\">13. Lietot\u0101ja ties\u012bbas un to, k\u0101 izmantot savas ties\u012bbas<\/h2>\n<p>Sazinoties ar Pakalpojumu sniedz\u0113ju, Lietot\u0101js var izmantot savas ties\u012bbas \u0161\u0101di:<\/p>\n<ul>\n<li>piepras\u012bt piek\u013cuvi saviem personas datiem;<\/li>\n<li>piepras\u012bt savu personas datu labo\u0161anu;<\/li>\n<li>piepras\u012bt savu personas datu dz\u0113\u0161anu;<\/li>\n<li>vajadz\u012bbas gad\u012bjum\u0101 atsaukt savu piekri\u0161anu j\u016bsu personas datu apstr\u0101dei.<\/li>\n<\/ul>\n<p>Da\u017eos gad\u012bjumos Lietot\u0101jam var b\u016bt ties\u012bbas piepras\u012bt ierobe\u017eot Lietot\u0101ja personas datu apstr\u0101di vai iebilst pret personas datu apstr\u0101di.<\/p>\n<p>Lietot\u0101ji var izmantot savas ties\u012bbas saska\u0146\u0101 ar piem\u0113rojamo Eiropas Savien\u012bbas un viet\u0113jo ties\u012bbu aktu pras\u012bb\u0101m.<\/p>\n<p>Ja personas dati tiek dz\u0113sti p\u0113c Lietot\u0101ja piepras\u012bjuma, Pakalpojumu sniedz\u0113js saglab\u0101s tikai t\u0101das inform\u0101cijas kopijas, kas ir nepiecie\u0161amas, lai aizsarg\u0101tu Pakalpojumu sniedz\u0113ja vai tre\u0161o personu likum\u012bg\u0101s intereses, izpild\u012btu vald\u012bbas r\u012bkojumus, atrisin\u0101tu juridiskus str\u012bdus, nov\u0113rstu probl\u0113mas vai izpild\u012btu jebkuru l\u012bgumu, ko esat nosl\u0113dzis ar Pakalpojumu sniedz\u0113ju.<\/p>\n<p>Lietot\u0101ji var atsp\u0113jot s\u012bkfailus p\u0101rl\u016bkprogrammas iestat\u012bjumos vai apmekl\u0113jot vietnes:<\/p>\n<ul>\n<li><a href=\"https:\/\/tools.google.com\/dlpage\/gaoptout?hl=en\" target=\"_blank\" rel=\"noopener noreferrer\">tools.google.com\/dlpage\/gaoptout?hl=en<\/a><\/li>\n<li><a href=\"https:\/\/www.youronlinechoices.com\/\" target=\"_blank\" rel=\"noopener noreferrer\">www.youronlinechoices.com\/<\/a><\/li>\n<\/ul>\n<h2 class=\"legal\">14. Izmai\u0146as konfidencialit\u0101tes politik\u0101<\/h2>\n<p>Pakalpojumu sniedz\u0113js var veikt izmai\u0146as \u0161aj\u0101 konfidencialit\u0101tes politik\u0101 un saist\u012btaj\u0101 inform\u0101cij\u0101 bez iepriek\u0161\u0113ja br\u012bdin\u0101juma Lietot\u0101jam. Lai sekotu l\u012bdzi vis\u0101m izmai\u0146\u0101m, Pakalpojumu sniedz\u0113js iesaka Lietot\u0101jam periodiski p\u0101rskat\u012bt Priv\u0101tuma politiku.<\/p>\n<p><span style=\"font-size: 14px;\">Lai ieg\u016btu vair\u0101k inform\u0101cijas par konfidencialit\u0101tes politiku, sazinieties ar Pakalpojumu sniedz\u0113ju.<\/span><span style=\"font-size: 14px;\"> pa e-pastu: info@aroomiturundus.ee<\/span><\/p>\n<p>P\u0113d\u0113jo reizi redi\u0123\u0113ts: 05.11.2019.<\/p>\n<p>[\/et_pb_text][\/et_pb_column][\/et_pb_row][\/et_pb_section]<\/p>\n","protected":false},"excerpt":{"rendered":"<p>Konfidencialit\u0101tes politika &nbsp; 1. Visp\u0101r\u012bgi noteikumi T\u012bmek\u013ca vietni p\u0101rvalda Aroomiturundus O\u00dc (&#8220;Nodro\u0161in\u0101t\u0101js&#8221;). Pakalpojumu sniedz\u0113js iev\u0113ro piem\u0113rojamos ties\u012bbu aktus un neizpau\u017e Lietot\u0101ju un citu personu datus bez attiec\u012bg\u0101s personas at\u013caujas vai cita likum\u012bga pamata. Pakalpojumu sniedz\u0113js apstr\u0101d\u0101s tikai tos personas datus, kas ir nepiecie\u0161ami pilnv\u0113rt\u012bgai pakalpojuma snieg\u0161anai, un m\u0113s apkoposim inform\u0101ciju, lai nodro\u0161in\u0101tu lab\u0101ku pakalpojumu. Priv\u0101tuma [&hellip;]<\/p>\n","protected":false},"author":3,"featured_media":0,"parent":0,"menu_order":0,"comment_status":"closed","ping_status":"closed","template":"","meta":{"_et_pb_use_builder":"on","_et_pb_old_content":"","_et_gb_content_width":"","footnotes":""},"class_list":["post-7387","page","type-page","status-publish","hentry"],"yoast_head":"<!-- This site is optimized with the Yoast SEO plugin v22.8 - https:\/\/yoast.com\/wordpress\/plugins\/seo\/ -->\n<title>Konfidencialit\u0101tes politika - Aroomiturundus.ee<\/title>\n<meta name=\"robots\" content=\"index, follow, max-snippet:-1, max-image-preview:large, max-video-preview:-1\" \/>\n<link rel=\"canonical\" href=\"https:\/\/aroomiturundus.ee\/lv\/konfidencialitates-politika\/\" \/>\n<meta property=\"og:locale\" content=\"lv_LV\" \/>\n<meta property=\"og:type\" content=\"article\" \/>\n<meta property=\"og:title\" content=\"Konfidencialit\u0101tes politika - Aroomiturundus.ee\" \/>\n<meta property=\"og:description\" content=\"Konfidencialit\u0101tes politika &nbsp; 1. Visp\u0101r\u012bgi noteikumi T\u012bmek\u013ca vietni p\u0101rvalda Aroomiturundus O\u00dc (&quot;Nodro\u0161in\u0101t\u0101js&quot;). Pakalpojumu sniedz\u0113js iev\u0113ro piem\u0113rojamos ties\u012bbu aktus un neizpau\u017e Lietot\u0101ju un citu personu datus bez attiec\u012bg\u0101s personas at\u013caujas vai cita likum\u012bga pamata. Pakalpojumu sniedz\u0113js apstr\u0101d\u0101s tikai tos personas datus, kas ir nepiecie\u0161ami pilnv\u0113rt\u012bgai pakalpojuma snieg\u0161anai, un m\u0113s apkoposim inform\u0101ciju, lai nodro\u0161in\u0101tu lab\u0101ku pakalpojumu. Priv\u0101tuma [&hellip;]\" \/>\n<meta property=\"og:url\" content=\"https:\/\/aroomiturundus.ee\/lv\/konfidencialitates-politika\/\" \/>\n<meta property=\"og:site_name\" content=\"Aroomiturundus.ee\" \/>\n<meta property=\"article:modified_time\" content=\"2024-05-28T19:43:24+00:00\" \/>\n<meta name=\"twitter:card\" content=\"summary_large_image\" \/>\n<meta name=\"twitter:label1\" content=\"Est. reading time\" \/>\n\t<meta name=\"twitter:data1\" content=\"11 minutes\" \/>\n<script type=\"application\/ld+json\" class=\"yoast-schema-graph\">{\"@context\":\"https:\/\/schema.org\",\"@graph\":[{\"@type\":\"WebPage\",\"@id\":\"https:\/\/aroomiturundus.ee\/lv\/konfidencialitates-politika\/\",\"url\":\"https:\/\/aroomiturundus.ee\/lv\/konfidencialitates-politika\/\",\"name\":\"Konfidencialit\u0101tes politika - Aroomiturundus.ee\",\"isPartOf\":{\"@id\":\"https:\/\/aroomiturundus.ee\/lv\/#website\"},\"datePublished\":\"2019-11-05T09:51:19+00:00\",\"dateModified\":\"2024-05-28T19:43:24+00:00\",\"breadcrumb\":{\"@id\":\"https:\/\/aroomiturundus.ee\/lv\/konfidencialitates-politika\/#breadcrumb\"},\"inLanguage\":\"lv-LV\",\"potentialAction\":[{\"@type\":\"ReadAction\",\"target\":[\"https:\/\/aroomiturundus.ee\/lv\/konfidencialitates-politika\/\"]}]},{\"@type\":\"BreadcrumbList\",\"@id\":\"https:\/\/aroomiturundus.ee\/lv\/konfidencialitates-politika\/#breadcrumb\",\"itemListElement\":[{\"@type\":\"ListItem\",\"position\":1,\"name\":\"Home\",\"item\":\"https:\/\/www.aroomiturundus.ee\/lv\/\"},{\"@type\":\"ListItem\",\"position\":2,\"name\":\"Konfidencialit\u0101tes politika\"}]},{\"@type\":\"WebSite\",\"@id\":\"https:\/\/aroomiturundus.ee\/lv\/#website\",\"url\":\"https:\/\/aroomiturundus.ee\/lv\/\",\"name\":\"Aroomiturundus.ee\",\"description\":\"ScentAir Estonia - Nr1 l\u00f5hnaturundus maailmas\",\"potentialAction\":[{\"@type\":\"SearchAction\",\"target\":{\"@type\":\"EntryPoint\",\"urlTemplate\":\"https:\/\/aroomiturundus.ee\/lv\/?s={search_term_string}\"},\"query-input\":\"required name=search_term_string\"}],\"inLanguage\":\"lv-LV\"}]}<\/script>\n<!-- \/ Yoast SEO plugin. -->","yoast_head_json":{"title":"Konfidencialit\u0101tes politika - Aroomiturundus.ee","robots":{"index":"index","follow":"follow","max-snippet":"max-snippet:-1","max-image-preview":"max-image-preview:large","max-video-preview":"max-video-preview:-1"},"canonical":"https:\/\/aroomiturundus.ee\/lv\/konfidencialitates-politika\/","og_locale":"lv_LV","og_type":"article","og_title":"Konfidencialit\u0101tes politika - Aroomiturundus.ee","og_description":"Konfidencialit\u0101tes politika &nbsp; 1. Visp\u0101r\u012bgi noteikumi T\u012bmek\u013ca vietni p\u0101rvalda Aroomiturundus O\u00dc (\"Nodro\u0161in\u0101t\u0101js\"). Pakalpojumu sniedz\u0113js iev\u0113ro piem\u0113rojamos ties\u012bbu aktus un neizpau\u017e Lietot\u0101ju un citu personu datus bez attiec\u012bg\u0101s personas at\u013caujas vai cita likum\u012bga pamata. Pakalpojumu sniedz\u0113js apstr\u0101d\u0101s tikai tos personas datus, kas ir nepiecie\u0161ami pilnv\u0113rt\u012bgai pakalpojuma snieg\u0161anai, un m\u0113s apkoposim inform\u0101ciju, lai nodro\u0161in\u0101tu lab\u0101ku pakalpojumu. Priv\u0101tuma [&hellip;]","og_url":"https:\/\/aroomiturundus.ee\/lv\/konfidencialitates-politika\/","og_site_name":"Aroomiturundus.ee","article_modified_time":"2024-05-28T19:43:24+00:00","twitter_card":"summary_large_image","twitter_misc":{"Est. reading time":"11 minutes"},"schema":{"@context":"https:\/\/schema.org","@graph":[{"@type":"WebPage","@id":"https:\/\/aroomiturundus.ee\/lv\/konfidencialitates-politika\/","url":"https:\/\/aroomiturundus.ee\/lv\/konfidencialitates-politika\/","name":"Konfidencialit\u0101tes politika - Aroomiturundus.ee","isPartOf":{"@id":"https:\/\/aroomiturundus.ee\/lv\/#website"},"datePublished":"2019-11-05T09:51:19+00:00","dateModified":"2024-05-28T19:43:24+00:00","breadcrumb":{"@id":"https:\/\/aroomiturundus.ee\/lv\/konfidencialitates-politika\/#breadcrumb"},"inLanguage":"lv-LV","potentialAction":[{"@type":"ReadAction","target":["https:\/\/aroomiturundus.ee\/lv\/konfidencialitates-politika\/"]}]},{"@type":"BreadcrumbList","@id":"https:\/\/aroomiturundus.ee\/lv\/konfidencialitates-politika\/#breadcrumb","itemListElement":[{"@type":"ListItem","position":1,"name":"Home","item":"https:\/\/www.aroomiturundus.ee\/lv\/"},{"@type":"ListItem","position":2,"name":"Konfidencialit\u0101tes politika"}]},{"@type":"WebSite","@id":"https:\/\/aroomiturundus.ee\/lv\/#website","url":"https:\/\/aroomiturundus.ee\/lv\/","name":"Aroomiturundus.ee","description":"ScentAir Estonia - Nr1 l\u00f5hnaturundus maailmas","potentialAction":[{"@type":"SearchAction","target":{"@type":"EntryPoint","urlTemplate":"https:\/\/aroomiturundus.ee\/lv\/?s={search_term_string}"},"query-input":"required name=search_term_string"}],"inLanguage":"lv-LV"}]}},"_links":{"self":[{"href":"https:\/\/aroomiturundus.ee\/lv\/wp-json\/wp\/v2\/pages\/7387","targetHints":{"allow":["GET"]}}],"collection":[{"href":"https:\/\/aroomiturundus.ee\/lv\/wp-json\/wp\/v2\/pages"}],"about":[{"href":"https:\/\/aroomiturundus.ee\/lv\/wp-json\/wp\/v2\/types\/page"}],"author":[{"embeddable":true,"href":"https:\/\/aroomiturundus.ee\/lv\/wp-json\/wp\/v2\/users\/3"}],"replies":[{"embeddable":true,"href":"https:\/\/aroomiturundus.ee\/lv\/wp-json\/wp\/v2\/comments?post=7387"}],"version-history":[{"count":2,"href":"https:\/\/aroomiturundus.ee\/lv\/wp-json\/wp\/v2\/pages\/7387\/revisions"}],"predecessor-version":[{"id":7389,"href":"https:\/\/aroomiturundus.ee\/lv\/wp-json\/wp\/v2\/pages\/7387\/revisions\/7389"}],"wp:attachment":[{"href":"https:\/\/aroomiturundus.ee\/lv\/wp-json\/wp\/v2\/media?parent=7387"}],"curies":[{"name":"wp","href":"https:\/\/api.w.org\/{rel}","templated":true}]}}